{"id":969,"date":"2024-01-18T17:40:18","date_gmt":"2024-01-18T17:40:18","guid":{"rendered":"https:\/\/thehubpanama.com\/?page_id=969"},"modified":"2024-01-18T17:40:37","modified_gmt":"2024-01-18T17:40:37","slug":"elementor-969","status":"publish","type":"page","link":"https:\/\/thehubpanama.com\/en\/elementor-969\/","title":{"rendered":"Elementor #969"},"content":{"rendered":"<div data-elementor-type=\"wp-page\" data-elementor-id=\"969\" class=\"elementor elementor-969\" data-elementor-post-type=\"page\">\n\t\t\t\t<div class=\"elementor-element elementor-element-137289f e-flex e-con-boxed e-con e-parent\" data-id=\"137289f\" data-element_type=\"container\" data-settings=\"{&quot;content_width&quot;:&quot;boxed&quot;}\" data-core-v316-plus=\"true\">\n\t\t\t\t\t<div class=\"e-con-inner\">\n\t\t\t\t<div class=\"elementor-element elementor-element-7b59b90 elementor-widget elementor-widget-html\" data-id=\"7b59b90\" data-element_type=\"widget\" data-widget_type=\"html.default\">\n\t\t\t\t<div class=\"elementor-widget-container\">\n\t\t\t<!-- Note :\r\n   - You can modify the font style and form style to suit your website. \r\n   - Code lines with comments Do not remove this code are required for the form to work properly, make sure that you do not remove these lines of code. \r\n   - The Mandatory check script can modified as to suit your business needs. \r\n   - It is important that you test the modified form before going live.-->\r\n<div id='crmWebToEntityForm' class='zcwf_lblLeft crmWebToEntityForm' style='background-color: white;color: black;max-width: 600px;'>\r\n  <meta name='viewport' content='width=device-width, initial-scale=1.0'>\r\n   <meta http-equiv ='content-type' content='text\/html;charset=UTF-8'>\r\n   <form id='webform' action='https:\/\/crm.zoho.com\/crm\/WebToLeadForm' name=\"WebToLeads5543667000001099007\" method='POST' onsubmit='javascript:document.charset=\"UTF-8\"; return checkMandatory5543667000001099007()' accept-charset='UTF-8' data-trp-original-action=\"https:\/\/crm.zoho.com\/crm\/WebToLeadForm\">\r\n <input type='text' style='display:none;' name='xnQsjsdp' value='aca5ec1e60c364d41326984d8b212b9b06eb02f073a6d7ad0770b91032e061e3'><\/input> \r\n <input type='hidden' name='zc_gad' id='zc_gad' value=''><\/input>\r\n <input type='text' style='display:none;' name='xmIwtLD' value='8731419798df5de4924bdf0341f8b3df323b4cb2cf2ca4671b23cb9fa8d91b7ef08c7447ef331a2ad81e9724cb4ddfd2'><\/input> \r\n <input type='text'  style='display:none;' name='actionType' value='TGVhZHM='><\/input>\r\n <input type='text' style='display:none;' name='returnURL' value='https&#x3a;&#x2f;&#x2f;thehubpanama.com&#x2f;' > <\/input>\r\n\t <!-- Do not remove this code. -->\r\n<style>\r\nhtml,body{\r\n\tmargin: 0px;\r\n}\r\n#crmWebToEntityForm.zcwf_lblLeft {\r\n\twidth:100%;\r\n\tpadding: 25px;\r\n\tmargin: 0 auto;\r\n\tbox-sizing: border-box;\r\n}\r\n#crmWebToEntityForm.zcwf_lblLeft * {\r\n\tbox-sizing: border-box;\r\n}\r\n#crmWebToEntityForm{text-align: left;}\r\n#crmWebToEntityForm * {\r\n\tdirection: ltr;\r\n}\r\n.zcwf_lblLeft .zcwf_title {\r\n\tword-wrap: break-word;\r\n\tpadding: 0px 6px 10px;\r\n\tfont-weight:bold }.zcwf_lblLeft.cpT_primaryBtn:hover{\r\n\tbackground: linear-gradient(#02acff 0,#006be4 100%) no-repeat padding-box !important;\r\n\tbox-shadow: 0 -2px 0 0 #0159b9 inset !important;\r\n\tborder: 0 !important;\r\n\tcolor: #fff !important;\r\n\toutline: 0 !important;\r\n}.zcwf_lblLeft .zcwf_col_fld input[type=text], input[type=password], .zcwf_lblLeft .zcwf_col_fld textarea {\r\n\twidth: 60%;\r\n\tborder: 1px solid #c0c6cc !important;\r\n\tresize: vertical;\r\n\tborder-radius: 2px;\r\n\tfloat: left;\r\n}\r\n.zcwf_lblLeft .zcwf_col_lab {\r\n\twidth: 30%;\r\n\tword-break: break-word;\r\n\tpadding: 0px 6px 0px;\r\n\tmargin-right: 10px;\r\n\tmargin-top: 5px;\r\n\tfloat: left;\r\n\tmin-height: 1px;\r\n}\r\n.zcwf_lblLeft .zcwf_col_fld {\r\n\tfloat: left;\r\n\twidth: 68%;\r\n\tpadding: 0px 6px 0px;\r\n\tposition: relative;\r\n\tmargin-top: 5px;\r\n}\r\n.zcwf_lblLeft .zcwf_privacy{padding: 6px;}\r\n.zcwf_lblLeft .wfrm_fld_dpNn{display: none;}\r\n.dIB{display: inline-block;}\r\n.zcwf_lblLeft .zcwf_col_fld_slt {\r\n\twidth: 60%;\r\n\tborder: 1px solid #ccc;\r\n\tbackground: #fff;\r\n\tborder-radius: 4px;\r\n\tfont-size: 12px;\r\n\tfloat: left;\r\n\tresize: vertical;\r\n\tpadding: 2px 5px;\r\n}\r\n.zcwf_lblLeft .zcwf_row:after, .zcwf_lblLeft .zcwf_col_fld:after {\r\n\tcontent: '';\r\n\tdisplay: table;\r\n\tclear: both;\r\n}\r\n.zcwf_lblLeft .zcwf_col_help {\r\n\tfloat: left;\r\n\tmargin-left: 7px;\r\n\tfont-size: 12px;\r\n\tmax-width: 35%;\r\n\tword-break: break-word;\r\n}\r\n.zcwf_lblLeft .zcwf_help_icon {\r\n\tcursor: pointer;\r\n\twidth: 16px;\r\n\theight: 16px;\r\n\tdisplay: inline-block;\r\n\tbackground: #fff;\r\n\tborder: 1px solid #c0c6cc;\r\n\tcolor: #c1c1c1;\r\n\ttext-align: center;\r\n\tfont-size: 11px;\r\n\tline-height: 16px;\r\n\tfont-weight: bold;\r\n\tborder-radius: 50%;\r\n}\r\n.zcwf_lblLeft .zcwf_row {margin: 15px 0px;}\r\n.zcwf_lblLeft .formsubmit {\r\n\tmargin-right: 5px;\r\n\tcursor: pointer;\r\n\tcolor: var(--baseColor);\r\n\tfont-size: 12px;\r\n}\r\n.zcwf_lblLeft .zcwf_privacy_txt {\r\n\twidth: 90%;\r\n\tcolor: rgb(0, 0, 0);\r\n\tfont-size: 12px;\r\n\tfont-family: Arial;\r\n\tdisplay: inline-block;\r\n\tvertical-align: top;\r\n\tcolor: var(--baseColor);\r\n\tpadding-top: 2px;\r\n\tmargin-left: 6px;\r\n}\r\n.zcwf_lblLeft .zcwf_button {\r\n\tfont-size: 12px;\r\n\tcolor: var(--baseColor);\r\n\tborder: 1px solid #c0c6cc;\r\n\tpadding: 3px 9px;\r\n\tborder-radius: 4px;\r\n\tcursor: pointer;\r\n\tmax-width: 120px;\r\n\toverflow: hidden;\r\n\ttext-overflow: ellipsis;\r\n\twhite-space: nowrap;\r\n}\r\n.zcwf_lblLeft .zcwf_tooltip_over{\r\n\tposition: relative;\r\n}\r\n.zcwf_lblLeft .zcwf_tooltip_ctn{\r\n\tposition: absolute;\r\n\tbackground: #dedede;\r\n\tpadding: 3px 6px;\r\n\ttop: 3px;\r\n\tborder-radius: 4px;word-break: break-word;\r\n\tmin-width: 100px;\r\n\tmax-width: 150px;\r\n\tcolor: var(--baseColor);\r\n\tz-index: 100;\r\n}\r\n.zcwf_lblLeft .zcwf_ckbox{\r\n\tfloat: left;\r\n}\r\n.zcwf_lblLeft .zcwf_file{\r\n\twidth: 55%;\r\n\tbox-sizing: border-box;\r\n\tfloat: left;\r\n}\r\n.clearB:after{\r\n\tcontent:'';\r\n\tdisplay: block;\r\n\tclear: both;\r\n}\r\n@media all and (max-width: 600px) {\r\n\t.zcwf_lblLeft .zcwf_col_lab, .zcwf_lblLeft .zcwf_col_fld {\r\n\t\twidth: auto;\r\n\t\tfloat: none !important;\r\n\t}\r\n\t.zcwf_lblLeft .zcwf_col_help {width: 40%;}\r\n}\r\n<\/style>\r\n<div class='zcwf_title' style='max-width: 600px;color: black; font-family:Arial;'>Main form<\/div><div class='zcwf_row'><div class='zcwf_col_lab' style='font-size:12px; font-family: Arial;'><label for='First_Name'>Name<\/label><\/div><div class='zcwf_col_fld'><input type='text' id='First_Name' name='First Name' maxlength='40'><\/input><div class='zcwf_col_help'><\/div><\/div><\/div><div class='zcwf_row'><div class='zcwf_col_lab' style='font-size:12px; font-family: Arial;'><label for='Last_Name'>Apellidos<span style='color:red;'>*<\/span><\/label><\/div><div class='zcwf_col_fld'><input type='text' id='Last_Name' name='Last Name' maxlength='80'><\/input><div class='zcwf_col_help'><\/div><\/div><\/div><div class='zcwf_row'><div class='zcwf_col_lab' style='font-size:12px; font-family: Arial;'><label for='Phone'>Tel&eacute;fono<\/label><\/div><div class='zcwf_col_fld'><input type='text' id='Phone' name='Phone' maxlength='30'><\/input><div class='zcwf_col_help'><\/div><\/div><\/div><div class='zcwf_row'><div class='zcwf_col_lab' style='font-size:12px; font-family: Arial;'><label for='Email'>Correo electr&oacute;nico<\/label><\/div><div class='zcwf_col_fld'><input type='text' ftype='email' autocomplete='false' id='Email' name='Email' maxlength='100'><\/input><div class='zcwf_col_help'><\/div><\/div><\/div><div class='zcwf_row'><div class='zcwf_col_lab' style='font-size:12px; font-family: Arial;'><label for='LEADCF4'>Proyecto de inter&eacute;s<\/label><\/div><div class='zcwf_col_fld'><select class='zcwf_col_fld_slt' id='LEADCF4' name='LEADCF4'  >\r\n\t\t\t<option value='-None-'>-None-<\/option>\r\n\t\t\t<option value='AwaLiving'>AwaLiving<\/option>\r\n\t\t\t<option value='Be&#x20;Living'>Be Living<\/option>\r\n\t\t\t<option value='Club&#x20;Living'>Club Living<\/option>\r\n\t\t\t<option value='Dieci'>Dieci<\/option>\r\n\t\t\t<option value='Living&#x20;73'>Living 73<\/option>\r\n\t\t\t<option value='Marjalizo'>Marjalizo<\/option>\r\n\t\t\t<option value='Passage'>Passage<\/option>\r\n\t\t\t<option value='The&#x20;Hub'>The Hub<\/option>\r\n\t\t\t<option value='The&#x20;Station'>The Station<\/option>\r\n\t\t<\/select><div class='zcwf_col_help'><\/div><\/div><\/div><div class='zcwf_row'><div class='zcwf_col_lab' style='font-size:12px; font-family: Arial;'><label for='Street'>Calle<\/label><\/div><div class='zcwf_col_fld'><input type='text' id='Street' name='Street' maxlength='250'><\/input><div class='zcwf_col_help'><\/div><\/div><\/div><div class='zcwf_row'><div class='zcwf_col_lab' style='font-size:12px; font-family: Arial;'><label for='City'>Ciudad<\/label><\/div><div class='zcwf_col_fld'><input type='text' id='City' name='City' maxlength='100'><\/input><div class='zcwf_col_help'><\/div><\/div><\/div><div class='zcwf_row'><div class='zcwf_col_lab' style='font-size:12px; font-family: Arial;'><label for='State'>Estado<\/label><\/div><div class='zcwf_col_fld'><input type='text' id='State' name='State' maxlength='100'><\/input><div class='zcwf_col_help'><\/div><\/div><\/div><div class='zcwf_row'><div class='zcwf_col_lab' style='font-size:12px; font-family: Arial;'><label for='Country'>Pa&iacute;s<\/label><\/div><div class='zcwf_col_fld'><input type='text' id='Country' name='Country' maxlength='100'><\/input><div class='zcwf_col_help'><\/div><\/div><\/div><div class='zcwf_row'><div class='zcwf_col_lab'><\/div><div class='zcwf_col_fld'><input type='submit' id='formsubmit' class='formsubmit zcwf_button' value='SEND' title='SEND'><input type='reset' class='zcwf_button' name='reset' value='Restablecer' title='Restablecer'><\/div><\/div>\r\n\t<script>\r\n\tfunction validateEmail5543667000001099007()\r\n\t{\r\n\t\tvar form = document.forms['WebToLeads5543667000001099007'];\r\n\t\tvar emailFld = form.querySelectorAll('[ftype=email]');\r\n\t\tvar i;\r\n\t\tfor (i = 0; i < emailFld.length; i++)\r\n\t\t{\r\n\t\t\tvar emailVal = emailFld[i].value;\r\n\t\t\tif((emailVal.replace(\/^\\s+|\\s+$\/g, '')).length!=0 )\r\n\t\t\t{\r\n\t\t\t\tvar atpos=emailVal.indexOf('@');\r\n\t\t\t\tvar dotpos=emailVal.lastIndexOf('.');\r\n\t\t\t\tif (atpos<1 || dotpos<atpos+2 || dotpos+2>=emailVal.length)\r\n\t\t\t\t{\r\n\t\t\t\t\talert('Introduzca una direcci\u00f3n de correo electr\u00f3nico v\u00e1lida. ');\r\n\t\t\t\t\temailFld[i].focus();\r\n\t\t\t\t\treturn false;\r\n\t\t\t\t}\r\n\t\t\t}\r\n\t\t}\r\n\t\treturn true;\r\n\t}\r\n\r\n \t  function checkMandatory5543667000001099007() {\r\n\t\tvar mndFileds = new Array('Last Name');\r\n\t\tvar fldLangVal = new Array('Apellidos');\r\n\t\tfor(i=0;i<mndFileds.length;i++) {\r\n\t\t  var fieldObj=document.forms['WebToLeads5543667000001099007'][mndFileds[i]];\r\n\t\t  if(fieldObj) {\r\n\t\t\tif (((fieldObj.value).replace(\/^\\s+|\\s+$\/g, '')).length==0) {\r\n\t\t\t if(fieldObj.type =='file')\r\n\t\t\t\t{ \r\n\t\t\t\t alert('Seleccione un archivo para cargar.'); \r\n\t\t\t\t fieldObj.focus(); \r\n\t\t\t\t return false;\r\n\t\t\t\t} \r\n\t\t\talert(fldLangVal[i] +' no puede estar vac\u00edo.'); \r\n   \t   \t  \t  fieldObj.focus();\r\n   \t   \t  \t  return false;\r\n\t\t\t}  else if(fieldObj.nodeName=='SELECT') {\r\n  \t   \t   \t if(fieldObj.options[fieldObj.selectedIndex].value=='-None-') {\r\n\t\t\t\talert(fldLangVal[i] +' no puede ser nulo.'); \r\n\t\t\t\tfieldObj.focus();\r\n\t\t\t\treturn false;\r\n\t\t\t   }\r\n\t\t\t} else if(fieldObj.type =='checkbox'){\r\n \t \t \t if(fieldObj.checked == false){\r\n\t\t\t\talert('Please accept  '+fldLangVal[i]);\r\n\t\t\t\tfieldObj.focus();\r\n\t\t\t\treturn false;\r\n\t\t\t   } \r\n\t\t\t } \r\n\t\t\t try {\r\n\t\t\t     if(fieldObj.name == 'Last Name') {\r\n\t\t\t\tname = fieldObj.value;\r\n \t \t \t    }\r\n\t\t\t} catch (e) {}\r\n\t\t    }\r\n\t\t}\r\n\t\tif(!validateEmail5543667000001099007()){return false;}\r\n\t\tdocument.querySelector('.crmWebToEntityForm .formsubmit').setAttribute('disabled', true);\r\n\t}\r\n\r\nfunction tooltipShow5543667000001099007(el){\r\n\tvar tooltip = el.nextElementSibling;\r\n\tvar tooltipDisplay = tooltip.style.display;\r\n\tif(tooltipDisplay == 'none'){\r\n\t\tvar allTooltip = document.getElementsByClassName('zcwf_tooltip_over');\r\n\t\tfor(i=0; i<allTooltip.length; i++){\r\n\t\t\tallTooltip[i].style.display='none';\r\n\t\t}\r\n\t\ttooltip.style.display = 'block';\r\n\t}else{\r\n\t\ttooltip.style.display='none';\r\n\t}\r\n}\r\n<\/script>\r\n\t<!-- Do not remove this --- Analytics Tracking code starts --><script id='wf_anal' src='https:\/\/crm.zohopublic.com\/crm\/WebFormAnalyticsServeServlet?rid=eaafdf95598f1754167cc3aca79b4920b94a35f73d06df31594ec58872cbf16bd91737951f3957ff90f89846b751a84fgid5f9cdc45675db6d41e99b80bf6843ff18f052ca0f075721e12aebded27e76a0dgid01a274e392176aeffa1027a3dd007b8502b8ba67d2f0032237175fe643fded9agid91bfce077e49107d6d16704db9978c6351d20ea4271e494358eef42a27500311&tw=a10bd3bad2980a88c0bf6ceefd1212938a70c8b5d66250571b44c9800cef66d1'><\/script><!-- Do not remove this --- Analytics Tracking code ends. --><input type=\"hidden\" name=\"trp-form-language\" value=\"en\"\/><\/form>\r\n<\/div>\t\t<\/div>\n\t\t\t\t<\/div>\n\t\t\t\t\t<\/div>\n\t\t\t\t<\/div>\n\t\t\t\t<\/div>","protected":false},"excerpt":{"rendered":"<p>Main formNombreApellidos*Tel&eacute;fonoCorreo electr&oacute;nicoProyecto de inter&eacute;s-None-AwaLivingBe LivingClub LivingDieciLiving 73MarjalizoPassageThe HubThe StationCalleCiudadEstadoPa&iacute;s<\/p>","protected":false},"author":1,"featured_media":0,"parent":0,"menu_order":0,"comment_status":"closed","ping_status":"closed","template":"","meta":{"_joinchat":[],"footnotes":""},"_links":{"self":[{"href":"https:\/\/thehubpanama.com\/en\/wp-json\/wp\/v2\/pages\/969"}],"collection":[{"href":"https:\/\/thehubpanama.com\/en\/wp-json\/wp\/v2\/pages"}],"about":[{"href":"https:\/\/thehubpanama.com\/en\/wp-json\/wp\/v2\/types\/page"}],"author":[{"embeddable":true,"href":"https:\/\/thehubpanama.com\/en\/wp-json\/wp\/v2\/users\/1"}],"replies":[{"embeddable":true,"href":"https:\/\/thehubpanama.com\/en\/wp-json\/wp\/v2\/comments?post=969"}],"version-history":[{"count":0,"href":"https:\/\/thehubpanama.com\/en\/wp-json\/wp\/v2\/pages\/969\/revisions"}],"wp:attachment":[{"href":"https:\/\/thehubpanama.com\/en\/wp-json\/wp\/v2\/media?parent=969"}],"curies":[{"name":"wp","href":"https:\/\/api.w.org\/{rel}","templated":true}]}}