{"id":895,"date":"2024-01-12T03:47:45","date_gmt":"2024-01-12T03:47:45","guid":{"rendered":"https:\/\/thehubpanama.com\/?page_id=895"},"modified":"2024-01-23T17:24:40","modified_gmt":"2024-01-23T17:24:40","slug":"smart-investment-the-hub","status":"publish","type":"page","link":"https:\/\/thehubpanama.com\/en\/smart-investment-the-hub\/","title":{"rendered":"Porque invertir en THE HUB"},"content":{"rendered":"<div data-elementor-type=\"wp-page\" data-elementor-id=\"895\" class=\"elementor elementor-895\" data-elementor-post-type=\"page\">\n\t\t\t\t<div class=\"elementor-element elementor-element-390d936 e-con-full e-flex e-con e-parent\" data-id=\"390d936\" data-element_type=\"container\" data-settings=\"{&quot;content_width&quot;:&quot;full&quot;,&quot;background_background&quot;:&quot;slideshow&quot;,&quot;background_slideshow_gallery&quot;:[{&quot;id&quot;:904,&quot;url&quot;:&quot;http:\\\/\\\/thehubpanama.com\\\/wp-content\\\/uploads\\\/2024\\\/01\\\/Exterior-ingreso.jpg&quot;},{&quot;id&quot;:710,&quot;url&quot;:&quot;http:\\\/\\\/thehubpanama.com\\\/wp-content\\\/uploads\\\/2024\\\/01\\\/Rooftop-Padel-court.jpg&quot;},{&quot;id&quot;:755,&quot;url&quot;:&quot;http:\\\/\\\/thehubpanama.com\\\/wp-content\\\/uploads\\\/2024\\\/01\\\/Vista-Balcon-1.jpg&quot;},{&quot;id&quot;:382,&quot;url&quot;:&quot;http:\\\/\\\/thehubpanama.com\\\/wp-content\\\/uploads\\\/2024\\\/01\\\/Exterior-vista-2-fondo.webp&quot;},{&quot;id&quot;:754,&quot;url&quot;:&quot;http:\\\/\\\/thehubpanama.com\\\/wp-content\\\/uploads\\\/2024\\\/01\\\/Vista-Balcon-Lock-off-unit.jpg&quot;},{&quot;id&quot;:685,&quot;url&quot;:&quot;http:\\\/\\\/thehubpanama.com\\\/wp-content\\\/uploads\\\/2024\\\/01\\\/Local-comercial-Coffee-shop.jpg&quot;}],&quot;background_slideshow_ken_burns&quot;:&quot;yes&quot;,&quot;background_slideshow_loop&quot;:&quot;yes&quot;,&quot;background_slideshow_slide_duration&quot;:5000,&quot;background_slideshow_slide_transition&quot;:&quot;fade&quot;,&quot;background_slideshow_transition_duration&quot;:500,&quot;background_slideshow_ken_burns_zoom_direction&quot;:&quot;in&quot;}\" data-core-v316-plus=\"true\">\n\t\t\t\t<div class=\"elementor-element elementor-element-509ecd6 elementor-widget elementor-widget-heading\" data-id=\"509ecd6\" data-element_type=\"widget\" data-widget_type=\"heading.default\">\n\t\t\t\t<div class=\"elementor-widget-container\">\n\t\t\t<style>\/*! elementor - v3.19.0 - 07-02-2024 *\/\n.elementor-heading-title{padding:0;margin:0;line-height:1}.elementor-widget-heading .elementor-heading-title[class*=elementor-size-]>a{color:inherit;font-size:inherit;line-height:inherit}.elementor-widget-heading .elementor-heading-title.elementor-size-small{font-size:15px}.elementor-widget-heading .elementor-heading-title.elementor-size-medium{font-size:19px}.elementor-widget-heading .elementor-heading-title.elementor-size-large{font-size:29px}.elementor-widget-heading .elementor-heading-title.elementor-size-xl{font-size:39px}.elementor-widget-heading .elementor-heading-title.elementor-size-xxl{font-size:59px}<\/style><h2 class=\"elementor-heading-title elementor-size-default\">Why invest in The Hub?<\/h2>\t\t<\/div>\n\t\t\t\t<\/div>\n\t\t\t\t<div class=\"elementor-element elementor-element-9f8cf1f elementor-widget elementor-widget-text-editor\" data-id=\"9f8cf1f\" data-element_type=\"widget\" data-widget_type=\"text-editor.default\">\n\t\t\t\t<div class=\"elementor-widget-container\">\n\t\t\t<style>\/*! elementor - v3.19.0 - 07-02-2024 *\/\n.elementor-widget-text-editor.elementor-drop-cap-view-stacked .elementor-drop-cap{background-color:#69727d;color:#fff}.elementor-widget-text-editor.elementor-drop-cap-view-framed .elementor-drop-cap{color:#69727d;border:3px solid;background-color:transparent}.elementor-widget-text-editor:not(.elementor-drop-cap-view-default) .elementor-drop-cap{margin-top:8px}.elementor-widget-text-editor:not(.elementor-drop-cap-view-default) .elementor-drop-cap-letter{width:1em;height:1em}.elementor-widget-text-editor .elementor-drop-cap{float:left;text-align:center;line-height:1;font-size:50px}.elementor-widget-text-editor .elementor-drop-cap-letter{display:inline-block}<\/style>\t\t\t\t<p>THE HUB Luxury Residences is aimed at a generation of smart investors.<br \/><br \/>We have designed a new building inspired by the life of Barcelona, Paris, Tokyo, Miami, New York, Milan, and Panama. An exquisite architecture with intimate, essential, and contemporary spaces, where technology and the comforts of a luxury hotel seamlessly integrate into your life at all times.<\/p>\t\t\t\t\t\t<\/div>\n\t\t\t\t<\/div>\n\t\t\t\t<\/div>\n\t\t<div class=\"elementor-element elementor-element-5432fdb e-con-full e-flex e-con e-parent\" data-id=\"5432fdb\" data-element_type=\"container\" data-settings=\"{&quot;content_width&quot;:&quot;full&quot;,&quot;background_background&quot;:&quot;classic&quot;}\" data-core-v316-plus=\"true\">\n\t\t<div class=\"elementor-element elementor-element-f0b09f0 e-con-full e-flex e-con e-child\" data-id=\"f0b09f0\" data-element_type=\"container\" data-settings=\"{&quot;content_width&quot;:&quot;full&quot;,&quot;background_background&quot;:&quot;slideshow&quot;,&quot;background_slideshow_gallery&quot;:[{&quot;id&quot;:431,&quot;url&quot;:&quot;http:\\\/\\\/thehubpanama.com\\\/wp-content\\\/uploads\\\/2024\\\/01\\\/View-02.jpg&quot;}],&quot;background_slideshow_ken_burns&quot;:&quot;yes&quot;,&quot;background_slideshow_loop&quot;:&quot;yes&quot;,&quot;background_slideshow_slide_duration&quot;:5000,&quot;background_slideshow_slide_transition&quot;:&quot;fade&quot;,&quot;background_slideshow_transition_duration&quot;:500,&quot;background_slideshow_ken_burns_zoom_direction&quot;:&quot;in&quot;}\">\n\t\t\t\t<div class=\"elementor-element elementor-element-04a0e34 elementor-widget elementor-widget-spacer\" data-id=\"04a0e34\" data-element_type=\"widget\" data-widget_type=\"spacer.default\">\n\t\t\t\t<div class=\"elementor-widget-container\">\n\t\t\t<style>\/*! elementor - v3.19.0 - 07-02-2024 *\/\n.elementor-column .elementor-spacer-inner{height:var(--spacer-size)}.e-con{--container-widget-width:100%}.e-con-inner>.elementor-widget-spacer,.e-con>.elementor-widget-spacer{width:var(--container-widget-width,var(--spacer-size));--align-self:var(--container-widget-align-self,initial);--flex-shrink:0}.e-con-inner>.elementor-widget-spacer>.elementor-widget-container,.e-con>.elementor-widget-spacer>.elementor-widget-container{height:100%;width:100%}.e-con-inner>.elementor-widget-spacer>.elementor-widget-container>.elementor-spacer,.e-con>.elementor-widget-spacer>.elementor-widget-container>.elementor-spacer{height:100%}.e-con-inner>.elementor-widget-spacer>.elementor-widget-container>.elementor-spacer>.elementor-spacer-inner,.e-con>.elementor-widget-spacer>.elementor-widget-container>.elementor-spacer>.elementor-spacer-inner{height:var(--container-widget-height,var(--spacer-size))}.e-con-inner>.elementor-widget-spacer.elementor-widget-empty,.e-con>.elementor-widget-spacer.elementor-widget-empty{position:relative;min-height:22px;min-width:22px}.e-con-inner>.elementor-widget-spacer.elementor-widget-empty .elementor-widget-empty-icon,.e-con>.elementor-widget-spacer.elementor-widget-empty .elementor-widget-empty-icon{position:absolute;top:0;bottom:0;left:0;right:0;margin:auto;padding:0;width:22px;height:22px}<\/style>\t\t<div class=\"elementor-spacer\">\n\t\t\t<div class=\"elementor-spacer-inner\"><\/div>\n\t\t<\/div>\n\t\t\t\t<\/div>\n\t\t\t\t<\/div>\n\t\t\t\t<\/div>\n\t\t<div class=\"elementor-element elementor-element-cd386e7 e-con-full e-flex e-con e-child\" data-id=\"cd386e7\" data-element_type=\"container\" data-settings=\"{&quot;content_width&quot;:&quot;full&quot;}\">\n\t\t\t\t<div class=\"elementor-element elementor-element-b3ef6cf elementor-widget elementor-widget-heading\" data-id=\"b3ef6cf\" data-element_type=\"widget\" data-widget_type=\"heading.default\">\n\t\t\t\t<div class=\"elementor-widget-container\">\n\t\t\t<h2 class=\"elementor-heading-title elementor-size-default\">Located in the prestigious area of San Francisco<\/h2>\t\t<\/div>\n\t\t\t\t<\/div>\n\t\t\t\t<div class=\"elementor-element elementor-element-624da47 elementor-widget elementor-widget-text-editor\" data-id=\"624da47\" data-element_type=\"widget\" data-widget_type=\"text-editor.default\">\n\t\t\t\t<div class=\"elementor-widget-container\">\n\t\t\t\t\t\t\t<p class=\"p1\">THE HUB is located in one of the most appreciating areas in Panama City, San Francisco, on 74th Street and 50th Street, just a few meters from the lung of the city, the recreational park Omar Torrijos, where nature, exercise, and leisure find the perfect balance.\u00a0<\/p>\n<p class=\"p1\">San Francisco is one of the areas where a variety of restaurants, supermarkets, shopping centers with the most famous European luxury brands are concentrated. It also has hospitals with specialized services of great recognition in the region. It is a friendly and inspiring area; everything is close to you.\"<\/p>\t\t\t\t\t\t<\/div>\n\t\t\t\t<\/div>\n\t\t\t\t<div class=\"elementor-element elementor-element-1122313 elementor-mobile-align-center elementor-tablet-align-center elementor-widget elementor-widget-button\" data-id=\"1122313\" data-element_type=\"widget\" data-widget_type=\"button.default\">\n\t\t\t\t<div class=\"elementor-widget-container\">\n\t\t\t\t\t<div class=\"elementor-button-wrapper\">\n\t\t\t<a class=\"elementor-button elementor-button-link elementor-size-sm\" href=\"https:\/\/thehubpanama.com\/en\/#contact\">\n\t\t\t\t\t\t<span class=\"elementor-button-content-wrapper\">\n\t\t\t\t\t\t<span class=\"elementor-button-text\">REQUEST INFORMATION<\/span>\n\t\t<\/span>\n\t\t\t\t\t<\/a>\n\t\t<\/div>\n\t\t\t\t<\/div>\n\t\t\t\t<\/div>\n\t\t\t\t<\/div>\n\t\t\t\t<\/div>\n\t\t<div class=\"elementor-element elementor-element-a37a0c0 e-con-full e-flex e-con e-parent\" data-id=\"a37a0c0\" data-element_type=\"container\" data-settings=\"{&quot;content_width&quot;:&quot;full&quot;,&quot;background_background&quot;:&quot;classic&quot;}\" data-core-v316-plus=\"true\">\n\t\t<div class=\"elementor-element elementor-element-3368ff2 e-con-full e-flex e-con e-child\" data-id=\"3368ff2\" data-element_type=\"container\" data-settings=\"{&quot;content_width&quot;:&quot;full&quot;,&quot;background_background&quot;:&quot;slideshow&quot;,&quot;background_slideshow_ken_burns&quot;:&quot;yes&quot;,&quot;background_slideshow_gallery&quot;:[{&quot;id&quot;:687,&quot;url&quot;:&quot;http:\\\/\\\/thehubpanama.com\\\/wp-content\\\/uploads\\\/2024\\\/01\\\/Housekeeping-1.jpg&quot;},{&quot;id&quot;:701,&quot;url&quot;:&quot;http:\\\/\\\/thehubpanama.com\\\/wp-content\\\/uploads\\\/2024\\\/01\\\/Pet-spa.jpg&quot;},{&quot;id&quot;:689,&quot;url&quot;:&quot;http:\\\/\\\/thehubpanama.com\\\/wp-content\\\/uploads\\\/2024\\\/01\\\/Beauty-salon.jpg&quot;},{&quot;id&quot;:697,&quot;url&quot;:&quot;http:\\\/\\\/thehubpanama.com\\\/wp-content\\\/uploads\\\/2024\\\/01\\\/Manicura.jpg&quot;}],&quot;background_slideshow_loop&quot;:&quot;yes&quot;,&quot;background_slideshow_slide_duration&quot;:5000,&quot;background_slideshow_slide_transition&quot;:&quot;fade&quot;,&quot;background_slideshow_transition_duration&quot;:500,&quot;background_slideshow_ken_burns_zoom_direction&quot;:&quot;in&quot;}\">\n\t\t\t\t<div class=\"elementor-element elementor-element-abbf527 elementor-widget elementor-widget-spacer\" data-id=\"abbf527\" data-element_type=\"widget\" data-widget_type=\"spacer.default\">\n\t\t\t\t<div class=\"elementor-widget-container\">\n\t\t\t\t\t<div class=\"elementor-spacer\">\n\t\t\t<div class=\"elementor-spacer-inner\"><\/div>\n\t\t<\/div>\n\t\t\t\t<\/div>\n\t\t\t\t<\/div>\n\t\t\t\t<\/div>\n\t\t<div class=\"elementor-element elementor-element-7588232 e-con-full e-flex e-con e-child\" data-id=\"7588232\" data-element_type=\"container\" data-settings=\"{&quot;content_width&quot;:&quot;full&quot;}\">\n\t\t\t\t<div class=\"elementor-element elementor-element-42d6112 elementor-widget elementor-widget-heading\" data-id=\"42d6112\" data-element_type=\"widget\" data-widget_type=\"heading.default\">\n\t\t\t\t<div class=\"elementor-widget-container\">\n\t\t\t<h2 class=\"elementor-heading-title elementor-size-default\"><b>Experience Exclusivity at THE HUB<\/b><\/h2>\t\t<\/div>\n\t\t\t\t<\/div>\n\t\t\t\t<div class=\"elementor-element elementor-element-b928fb1 elementor-widget elementor-widget-text-editor\" data-id=\"b928fb1\" data-element_type=\"widget\" data-widget_type=\"text-editor.default\">\n\t\t\t\t<div class=\"elementor-widget-container\">\n\t\t\t\t\t\t\t<p>Under the concept of <b>Luxury Residences<\/b>, not only will you enjoy a privileged life as a member of the 24-hour concierge service, but you will also have intelligent spaces ranging from 51m\u00b2 to generously designed apartments of 82m\u00b2, sophisticated walk-in-closets, and balconies with panoramic views of spectacular sunsets.<\/p>\n<p><b>THE HUB<\/b> is much more than a residential building; it's a smart investment that allows you to generate returns, gives you access to exclusive discounts at stores, and lets you enjoy the most valuable thing: your time. We have units with which you can apply for a mortgage at preferential interest rates, available to local buyers or those with a Panamanian ID, allowing them to access these benefits.<\/p>\t\t\t\t\t\t<\/div>\n\t\t\t\t<\/div>\n\t\t\t\t<div class=\"elementor-element elementor-element-7b493d0 elementor-mobile-align-center elementor-tablet-align-center elementor-widget elementor-widget-button\" data-id=\"7b493d0\" data-element_type=\"widget\" data-widget_type=\"button.default\">\n\t\t\t\t<div class=\"elementor-widget-container\">\n\t\t\t\t\t<div class=\"elementor-button-wrapper\">\n\t\t\t<a class=\"elementor-button elementor-button-link elementor-size-sm\" href=\"https:\/\/thehubpanama.com\/en\/#contact\">\n\t\t\t\t\t\t<span class=\"elementor-button-content-wrapper\">\n\t\t\t\t\t\t<span class=\"elementor-button-text\">RECEIVE PERSONALIZED ADVICE<\/span>\n\t\t<\/span>\n\t\t\t\t\t<\/a>\n\t\t<\/div>\n\t\t\t\t<\/div>\n\t\t\t\t<\/div>\n\t\t\t\t<\/div>\n\t\t\t\t<\/div>\n\t\t<div class=\"elementor-element elementor-element-5297069 e-con-full e-flex e-con e-parent\" data-id=\"5297069\" data-element_type=\"container\" data-settings=\"{&quot;content_width&quot;:&quot;full&quot;,&quot;background_background&quot;:&quot;classic&quot;}\" data-core-v316-plus=\"true\">\n\t\t<div class=\"elementor-element elementor-element-a983486 e-con-full e-flex e-con e-child\" data-id=\"a983486\" data-element_type=\"container\" data-settings=\"{&quot;content_width&quot;:&quot;full&quot;,&quot;background_background&quot;:&quot;slideshow&quot;,&quot;background_slideshow_gallery&quot;:[{&quot;id&quot;:871,&quot;url&quot;:&quot;http:\\\/\\\/thehubpanama.com\\\/wp-content\\\/uploads\\\/2024\\\/01\\\/AdobeStock_635886410.jpg&quot;},{&quot;id&quot;:873,&quot;url&quot;:&quot;http:\\\/\\\/thehubpanama.com\\\/wp-content\\\/uploads\\\/2024\\\/01\\\/AdobeStock_404409362.jpg&quot;}],&quot;background_slideshow_ken_burns&quot;:&quot;yes&quot;,&quot;background_slideshow_loop&quot;:&quot;yes&quot;,&quot;background_slideshow_slide_duration&quot;:5000,&quot;background_slideshow_slide_transition&quot;:&quot;fade&quot;,&quot;background_slideshow_transition_duration&quot;:500,&quot;background_slideshow_ken_burns_zoom_direction&quot;:&quot;in&quot;}\">\n\t\t\t\t<div class=\"elementor-element elementor-element-851fbcf elementor-widget elementor-widget-spacer\" data-id=\"851fbcf\" data-element_type=\"widget\" data-widget_type=\"spacer.default\">\n\t\t\t\t<div class=\"elementor-widget-container\">\n\t\t\t\t\t<div class=\"elementor-spacer\">\n\t\t\t<div class=\"elementor-spacer-inner\"><\/div>\n\t\t<\/div>\n\t\t\t\t<\/div>\n\t\t\t\t<\/div>\n\t\t\t\t<\/div>\n\t\t<div class=\"elementor-element elementor-element-db27b1e e-con-full e-flex e-con e-child\" data-id=\"db27b1e\" data-element_type=\"container\" data-settings=\"{&quot;content_width&quot;:&quot;full&quot;}\">\n\t\t\t\t<div class=\"elementor-element elementor-element-374686d elementor-widget elementor-widget-heading\" data-id=\"374686d\" data-element_type=\"widget\" data-widget_type=\"heading.default\">\n\t\t\t\t<div class=\"elementor-widget-container\">\n\t\t\t<h2 class=\"elementor-heading-title elementor-size-default\"><b>Exclusive Additional Benefits for Residents and Investors of THE HUB<\/b><\/h2>\t\t<\/div>\n\t\t\t\t<\/div>\n\t\t\t\t<div class=\"elementor-element elementor-element-e13ce61 elementor-widget elementor-widget-text-editor\" data-id=\"e13ce61\" data-element_type=\"widget\" data-widget_type=\"text-editor.default\">\n\t\t\t\t<div class=\"elementor-widget-container\">\n\t\t\t\t\t\t\t<p>Property Management: All owners benefit from a service to manage their properties with annual returns of 8-10%.<\/p>\n<p>*Club Living: A benefits program aimed at owners that provides access to exclusive discounts at selected stores: decoration, technology, restaurants, health, tourism, mobility, and more.<\/p>\n<p>*Living Things: Special packages of furniture, appliances, decoration, bathroom and kitchen accessories. In collaboration with commercial partnerships at exclusive prices.<\/p>\n<p>*Home Automation: Special packages of customized home automation according to your needs. Integrate devices and routines essential for your everyday comfort and pleasure.<\/p>\n<p><strong>THE HUB Luxury Residences is the most solid investment in Panama City, thanks to its strategic location, exclusive amenities, luxury finishes, and concierge service that will make your home the place where you won't want to leave.<\/strong><\/p>\t\t\t\t\t\t<\/div>\n\t\t\t\t<\/div>\n\t\t\t\t<div class=\"elementor-element elementor-element-084e27b elementor-mobile-align-center elementor-tablet-align-center elementor-widget elementor-widget-button\" data-id=\"084e27b\" data-element_type=\"widget\" data-widget_type=\"button.default\">\n\t\t\t\t<div class=\"elementor-widget-container\">\n\t\t\t\t\t<div class=\"elementor-button-wrapper\">\n\t\t\t<a class=\"elementor-button elementor-button-link elementor-size-sm\" href=\"https:\/\/thehubpanama.com\/en\/#contact\">\n\t\t\t\t\t\t<span class=\"elementor-button-content-wrapper\">\n\t\t\t\t\t\t<span class=\"elementor-button-text\">INVEST IN THE HUB TODAY<\/span>\n\t\t<\/span>\n\t\t\t\t\t<\/a>\n\t\t<\/div>\n\t\t\t\t<\/div>\n\t\t\t\t<\/div>\n\t\t\t\t<\/div>\n\t\t\t\t<\/div>\n\t\t<div class=\"elementor-element elementor-element-4950ea2 e-flex e-con-boxed e-con e-parent\" data-id=\"4950ea2\" data-element_type=\"container\" data-settings=\"{&quot;background_background&quot;:&quot;classic&quot;,&quot;content_width&quot;:&quot;boxed&quot;}\" data-core-v316-plus=\"true\">\n\t\t\t\t\t<div class=\"e-con-inner\">\n\t\t\t\t<div class=\"elementor-element elementor-element-769963a elementor-widget elementor-widget-heading\" data-id=\"769963a\" data-element_type=\"widget\" data-widget_type=\"heading.default\">\n\t\t\t\t<div class=\"elementor-widget-container\">\n\t\t\t<h2 class=\"elementor-heading-title elementor-size-default\"><b>Invest in Panama and obtain your residency through the following programs<\/b><\/h2>\t\t<\/div>\n\t\t\t\t<\/div>\n\t\t\t\t<div class=\"elementor-element elementor-element-7d722eb elementor-mobile-align-center elementor-align-center elementor-widget elementor-widget-button\" data-id=\"7d722eb\" data-element_type=\"widget\" data-widget_type=\"button.default\">\n\t\t\t\t<div class=\"elementor-widget-container\">\n\t\t\t\t\t<div class=\"elementor-button-wrapper\">\n\t\t\t<a class=\"elementor-button elementor-button-link elementor-size-sm\" href=\"https:\/\/wa.link\/pz0tcb\">\n\t\t\t\t\t\t<span class=\"elementor-button-content-wrapper\">\n\t\t\t\t\t\t<span class=\"elementor-button-text\">Provisional Residency by Economic Solvency<\/span>\n\t\t<\/span>\n\t\t\t\t\t<\/a>\n\t\t<\/div>\n\t\t\t\t<\/div>\n\t\t\t\t<\/div>\n\t\t\t\t<div class=\"elementor-element elementor-element-e7fa79b elementor-mobile-align-center elementor-align-center elementor-widget elementor-widget-button\" data-id=\"e7fa79b\" data-element_type=\"widget\" data-widget_type=\"button.default\">\n\t\t\t\t<div class=\"elementor-widget-container\">\n\t\t\t\t\t<div class=\"elementor-button-wrapper\">\n\t\t\t<a class=\"elementor-button elementor-button-link elementor-size-sm\" href=\"https:\/\/wa.link\/g5js5m\">\n\t\t\t\t\t\t<span class=\"elementor-button-content-wrapper\">\n\t\t\t\t\t\t<span class=\"elementor-button-text\">Provisional Residency as a Friendly Nation<\/span>\n\t\t<\/span>\n\t\t\t\t\t<\/a>\n\t\t<\/div>\n\t\t\t\t<\/div>\n\t\t\t\t<\/div>\n\t\t\t\t<div class=\"elementor-element elementor-element-613ff21 elementor-mobile-align-center elementor-align-center elementor-widget elementor-widget-button\" data-id=\"613ff21\" data-element_type=\"widget\" data-widget_type=\"button.default\">\n\t\t\t\t<div class=\"elementor-widget-container\">\n\t\t\t\t\t<div class=\"elementor-button-wrapper\">\n\t\t\t<a class=\"elementor-button elementor-button-link elementor-size-sm\" href=\"https:\/\/wa.link\/iguet2\">\n\t\t\t\t\t\t<span class=\"elementor-button-content-wrapper\">\n\t\t\t\t\t\t<span class=\"elementor-button-text\">Permanent Residency as a Retiree<\/span>\n\t\t<\/span>\n\t\t\t\t\t<\/a>\n\t\t<\/div>\n\t\t\t\t<\/div>\n\t\t\t\t<\/div>\n\t\t\t\t<div class=\"elementor-element elementor-element-0416f6f elementor-mobile-align-center elementor-align-center elementor-widget elementor-widget-button\" data-id=\"0416f6f\" data-element_type=\"widget\" data-widget_type=\"button.default\">\n\t\t\t\t<div class=\"elementor-widget-container\">\n\t\t\t\t\t<div class=\"elementor-button-wrapper\">\n\t\t\t<a class=\"elementor-button elementor-button-link elementor-size-sm\" href=\"https:\/\/wa.link\/6v1l3j\">\n\t\t\t\t\t\t<span class=\"elementor-button-content-wrapper\">\n\t\t\t\t\t\t<span class=\"elementor-button-text\">Residency as a Qualified Investor<\/span>\n\t\t<\/span>\n\t\t\t\t\t<\/a>\n\t\t<\/div>\n\t\t\t\t<\/div>\n\t\t\t\t<\/div>\n\t\t\t\t\t<\/div>\n\t\t\t\t<\/div>\n\t\t\t\t<\/div>","protected":false},"excerpt":{"rendered":"<p>\u00bfPor qu\u00e9 invertir en The Hub? THE HUB Luxury Residences est\u00e1 dirigido a una generaci\u00f3n de inversores inteligentes. Hemos dise\u00f1ado un nuevo edificio inspirado en la vida de Barcelona, Par\u00eds, Tokio, Miami, Nueva York, Mil\u00e1n y Panam\u00e1. Una exquisita arquitectura con espacios \u00edntimos, esenciales y contempor\u00e1neos, donde la tecnolog\u00eda y las comodidades de un hotel [&hellip;]<\/p>","protected":false},"author":1,"featured_media":0,"parent":0,"menu_order":0,"comment_status":"closed","ping_status":"closed","template":"","meta":{"_joinchat":[],"footnotes":""},"_links":{"self":[{"href":"https:\/\/thehubpanama.com\/en\/wp-json\/wp\/v2\/pages\/895"}],"collection":[{"href":"https:\/\/thehubpanama.com\/en\/wp-json\/wp\/v2\/pages"}],"about":[{"href":"https:\/\/thehubpanama.com\/en\/wp-json\/wp\/v2\/types\/page"}],"author":[{"embeddable":true,"href":"https:\/\/thehubpanama.com\/en\/wp-json\/wp\/v2\/users\/1"}],"replies":[{"embeddable":true,"href":"https:\/\/thehubpanama.com\/en\/wp-json\/wp\/v2\/comments?post=895"}],"version-history":[{"count":0,"href":"https:\/\/thehubpanama.com\/en\/wp-json\/wp\/v2\/pages\/895\/revisions"}],"wp:attachment":[{"href":"https:\/\/thehubpanama.com\/en\/wp-json\/wp\/v2\/media?parent=895"}],"curies":[{"name":"wp","href":"https:\/\/api.w.org\/{rel}","templated":true}]}}