{"id":1111,"date":"2024-01-24T18:35:15","date_gmt":"2024-01-24T18:35:15","guid":{"rendered":"https:\/\/thehubpanama.com\/?page_id=1111"},"modified":"2024-01-24T18:50:08","modified_gmt":"2024-01-24T18:50:08","slug":"politica-de-privacidad","status":"publish","type":"page","link":"https:\/\/thehubpanama.com\/en\/politica-de-privacidad\/","title":{"rendered":"Privacy Policy"},"content":{"rendered":"<div data-elementor-type=\"wp-page\" data-elementor-id=\"1111\" class=\"elementor elementor-1111\" data-elementor-post-type=\"page\">\n\t\t\t\t<div class=\"elementor-element elementor-element-6165866 e-flex e-con-boxed e-con e-parent\" data-id=\"6165866\" data-element_type=\"container\" data-settings=\"{&quot;content_width&quot;:&quot;boxed&quot;}\" data-core-v316-plus=\"true\">\n\t\t\t\t\t<div class=\"e-con-inner\">\n\t\t\t\t<div class=\"elementor-element elementor-element-7a80b67 elementor-widget elementor-widget-text-editor\" data-id=\"7a80b67\" data-element_type=\"widget\" data-widget_type=\"text-editor.default\">\n\t\t\t\t<div class=\"elementor-widget-container\">\n\t\t\t<style>\/*! elementor - v3.19.0 - 07-02-2024 *\/\n.elementor-widget-text-editor.elementor-drop-cap-view-stacked .elementor-drop-cap{background-color:#69727d;color:#fff}.elementor-widget-text-editor.elementor-drop-cap-view-framed .elementor-drop-cap{color:#69727d;border:3px solid;background-color:transparent}.elementor-widget-text-editor:not(.elementor-drop-cap-view-default) .elementor-drop-cap{margin-top:8px}.elementor-widget-text-editor:not(.elementor-drop-cap-view-default) .elementor-drop-cap-letter{width:1em;height:1em}.elementor-widget-text-editor .elementor-drop-cap{float:left;text-align:center;line-height:1;font-size:50px}.elementor-widget-text-editor .elementor-drop-cap-letter{display:inline-block}<\/style>\t\t\t\t<h3><strong>POL\u00cdTICA DE PRIVACIDAD<\/strong><\/h3><p>Bienvenido al sitio web de The Hub Panam\u00e1. Esta Pol\u00edtica de Privacidad tiene como objetivo proporcionarte informaci\u00f3n sobre c\u00f3mo recopilamos, utilizamos y protegemos tus datos personales cuando interact\u00faas con nuestro sitio web y env\u00edas formularios de contacto.<\/p><p>\u00a0<\/p><h3><strong>Informaci\u00f3n que Recopilamos<\/strong><\/h3><p>Cuando utilizas nuestro formulario de contacto, podemos recopilar la siguiente informaci\u00f3n:<\/p><p>Name<br \/>Last Name<br \/>Direcci\u00f3n de correo electr\u00f3nico <br \/>N\u00famero de tel\u00e9fono con c\u00f3digo de pa\u00eds<\/p><h3><br \/><strong>Uso de la Informaci\u00f3n<\/strong><\/h3><p>Utilizamos la informaci\u00f3n recopilada para los siguientes prop\u00f3sitos: Responder a tus consultas o comentarios enviados a trav\u00e9s del formulario de contacto. Comunicarnos contigo en relaci\u00f3n a tu consulta o solicitud. Mejorar nuestros servicios y la experiencia del usuario en nuestro sitio web.<\/p><h3><br \/><strong>Compartir Informaci\u00f3n<\/strong><\/h3><p>No compartimos tu informaci\u00f3n personal con terceros a menos que sea necesario para responder a tu consulta o solicitud.<\/p><p>Cookies y Tecnolog\u00edas de Rastreo<\/p><p>No utilizamos cookies u otras tecnolog\u00edas de seguimiento para recopilar informaci\u00f3n personal en nuestro sitio web.<\/p><h3><strong><br \/>Seguridad de los Datos<\/strong><\/h3><p>Tomamos medidas razonables para proteger la informaci\u00f3n que recopilamos y almacenamos. Sin embargo, ten en cuenta que ninguna transmisi\u00f3n de datos por Internet es completamente segura, y no podemos garantizar la seguridad de la informaci\u00f3n que nos env\u00edes.<\/p><h3><br \/><strong>Tus Derechos<\/strong><\/h3><p>Tienes derecho a: Acceder a tus datos personales que hemos almacenado. Corregir cualquier informaci\u00f3n incorrecta o incompleta. Eliminar tus datos personales de nuestros registros, sujeto a nuestras obligaciones legales. Retirar tu consentimiento para el procesamiento de tus datos personales.<\/p><h3><br \/><strong>Cambios en esta Pol\u00edtica de Privacidad<\/strong><\/h3><p>Nos reservamos el derecho de actualizar esta Pol\u00edtica de Privacidad en cualquier momento. Recomendamos revisar esta p\u00e1gina peri\u00f3dicamente para estar informado de cualquier cambio.<\/p><h3><br \/><strong>Contacto<\/strong><\/h3><p>Si tienes alguna pregunta o inquietud sobre esta Pol\u00edtica de Privacidad o c\u00f3mo manejamos tus datos personales, por favor cont\u00e1ctanos a trav\u00e9s de los siguientes medios: <a target=\"_new\">info@thehubpanama.com<\/a><\/p><p>Gracias por confiar en The Hub Panam\u00e1. Tu privacidad es importante para nosotros.<\/p>\t\t\t\t\t\t<\/div>\n\t\t\t\t<\/div>\n\t\t\t\t\t<\/div>\n\t\t\t\t<\/div>\n\t\t<div class=\"elementor-element elementor-element-84ace43 e-flex e-con-boxed e-con e-parent\" data-id=\"84ace43\" data-element_type=\"container\" data-settings=\"{&quot;content_width&quot;:&quot;boxed&quot;}\" data-core-v316-plus=\"true\">\n\t\t\t\t\t<div class=\"e-con-inner\">\n\t\t\t\t<div class=\"elementor-element elementor-element-ba2df40 elementor-widget elementor-widget-button\" data-id=\"ba2df40\" data-element_type=\"widget\" data-widget_type=\"button.default\">\n\t\t\t\t<div class=\"elementor-widget-container\">\n\t\t\t\t\t<div class=\"elementor-button-wrapper\">\n\t\t\t<a class=\"elementor-button elementor-button-link elementor-size-sm\" href=\"https:\/\/thehubpanama.com\/en\/\">\n\t\t\t\t\t\t<span class=\"elementor-button-content-wrapper\">\n\t\t\t\t\t\t<span class=\"elementor-button-text\">Ir a la p\u00e1gina de inicio<\/span>\n\t\t<\/span>\n\t\t\t\t\t<\/a>\n\t\t<\/div>\n\t\t\t\t<\/div>\n\t\t\t\t<\/div>\n\t\t\t\t\t<\/div>\n\t\t\t\t<\/div>\n\t\t\t\t<\/div>","protected":false},"excerpt":{"rendered":"<p>POL\u00cdTICA DE PRIVACIDAD Bienvenido al sitio web de The Hub Panam\u00e1. Esta Pol\u00edtica de Privacidad tiene como objetivo proporcionarte informaci\u00f3n sobre c\u00f3mo recopilamos, utilizamos y protegemos tus datos personales cuando interact\u00faas con nuestro sitio web y env\u00edas formularios de contacto. \u00a0 Informaci\u00f3n que Recopilamos Cuando utilizas nuestro formulario de contacto, podemos recopilar la siguiente informaci\u00f3n: [&hellip;]<\/p>","protected":false},"author":1,"featured_media":0,"parent":0,"menu_order":0,"comment_status":"closed","ping_status":"closed","template":"","meta":{"_joinchat":[],"footnotes":""},"_links":{"self":[{"href":"https:\/\/thehubpanama.com\/en\/wp-json\/wp\/v2\/pages\/1111"}],"collection":[{"href":"https:\/\/thehubpanama.com\/en\/wp-json\/wp\/v2\/pages"}],"about":[{"href":"https:\/\/thehubpanama.com\/en\/wp-json\/wp\/v2\/types\/page"}],"author":[{"embeddable":true,"href":"https:\/\/thehubpanama.com\/en\/wp-json\/wp\/v2\/users\/1"}],"replies":[{"embeddable":true,"href":"https:\/\/thehubpanama.com\/en\/wp-json\/wp\/v2\/comments?post=1111"}],"version-history":[{"count":0,"href":"https:\/\/thehubpanama.com\/en\/wp-json\/wp\/v2\/pages\/1111\/revisions"}],"wp:attachment":[{"href":"https:\/\/thehubpanama.com\/en\/wp-json\/wp\/v2\/media?parent=1111"}],"curies":[{"name":"wp","href":"https:\/\/api.w.org\/{rel}","templated":true}]}}